{"id":47,"date":"2022-07-27T10:34:17","date_gmt":"2022-07-27T10:34:17","guid":{"rendered":"https:\/\/neo-the-portie.at\/?page_id=47"},"modified":"2023-12-01T10:57:15","modified_gmt":"2023-12-01T10:57:15","slug":"hundefotografie","status":"publish","type":"page","link":"https:\/\/neo-the-portie.at\/?page_id=47","title":{"rendered":"Hundefotografie"},"content":{"rendered":"\n<p>Es ist der Tatsache geschuldet, dass man einen schwarzen Hund mit dem Handy nicht wirklich fotografieren kann, dass Michael begonnen hat, sich mit seiner Spiegelreflexkamera und damit in weiterer Folge mit der Hundefotografie zu befassen. Und wie es seiner Natur entspricht, hat er sich intensiv mit der Materie auseinandergesetzt, tausende von Bildern gemacht, sich Kenntnisse von Lightroom und Photoshop angeeignet und sich seiner neuen Passion mit Leidenschaft hingegeben. <\/p>\n\n\n\n<p>Das Ergebnis sind unz\u00e4hlige wunderbare Bilder mit denen er die Entwicklung unseres Hundes und die Abenteuer, die wir mit ihm erleben, festh\u00e4lt.<\/p>\n\n\n\n<p>Mittlerweile gibt es die Bilder von Neo und seinen Abenteuern auch auf Instagram und Youtube zu sehen und zahlreiche Follower freuen sich \u00fcber regelm\u00e4\u00dfige Einblicke in Neos Alltag.<\/p>\n\n\n\n<figure class=\"wp-block-gallery has-nested-images columns-default is-cropped wp-block-gallery-1 is-layout-flex wp-block-gallery-is-layout-flex\">\n<figure class=\"wp-block-image size-full\"><a href=\"https:\/\/neo-the-portie.at\/wp-content\/uploads\/2022\/07\/vei11-1-von-1.jpg\"><img loading=\"lazy\" decoding=\"async\" width=\"2048\" height=\"1638\" data-id=\"179\" src=\"https:\/\/neo-the-portie.at\/wp-content\/uploads\/2022\/07\/vei11-1-von-1.jpg\" alt=\"junger schwarzer portugiesischer wasserhund steht auf einem sandhaufen\" class=\"wp-image-179\" title=\"Don Neo Casa Carisma\" srcset=\"https:\/\/neo-the-portie.at\/wp-content\/uploads\/2022\/07\/vei11-1-von-1.jpg 2048w, https:\/\/neo-the-portie.at\/wp-content\/uploads\/2022\/07\/vei11-1-von-1-300x240.jpg 300w, https:\/\/neo-the-portie.at\/wp-content\/uploads\/2022\/07\/vei11-1-von-1-1024x819.jpg 1024w, https:\/\/neo-the-portie.at\/wp-content\/uploads\/2022\/07\/vei11-1-von-1-768x614.jpg 768w, https:\/\/neo-the-portie.at\/wp-content\/uploads\/2022\/07\/vei11-1-von-1-1536x1229.jpg 1536w\" sizes=\"auto, (max-width: 2048px) 100vw, 2048px\" \/><\/a><\/figure>\n\n\n\n<figure class=\"wp-block-image size-full\"><a href=\"https:\/\/neo-the-portie.at\/wp-content\/uploads\/2022\/07\/Neo06-scaled.jpg\"><img loading=\"lazy\" decoding=\"async\" width=\"2560\" height=\"1707\" data-id=\"158\" src=\"https:\/\/neo-the-portie.at\/wp-content\/uploads\/2022\/07\/Neo06-scaled.jpg\" alt=\"schwarzer portugiesischer wasserhund steht im sonnenuntergang im schnee\" class=\"wp-image-158\" srcset=\"https:\/\/neo-the-portie.at\/wp-content\/uploads\/2022\/07\/Neo06-scaled.jpg 2560w, https:\/\/neo-the-portie.at\/wp-content\/uploads\/2022\/07\/Neo06-300x200.jpg 300w, https:\/\/neo-the-portie.at\/wp-content\/uploads\/2022\/07\/Neo06-1024x683.jpg 1024w, https:\/\/neo-the-portie.at\/wp-content\/uploads\/2022\/07\/Neo06-768x512.jpg 768w, https:\/\/neo-the-portie.at\/wp-content\/uploads\/2022\/07\/Neo06-1536x1024.jpg 1536w, https:\/\/neo-the-portie.at\/wp-content\/uploads\/2022\/07\/Neo06-2048x1365.jpg 2048w\" sizes=\"auto, (max-width: 2560px) 100vw, 2560px\" \/><\/a><\/figure>\n\n\n\n<figure class=\"wp-block-image size-full\"><a href=\"https:\/\/neo-the-portie.at\/wp-content\/uploads\/2022\/07\/schnee1w.jpg\"><img loading=\"lazy\" decoding=\"async\" width=\"2048\" height=\"1638\" data-id=\"169\" src=\"https:\/\/neo-the-portie.at\/wp-content\/uploads\/2022\/07\/schnee1w.jpg\" alt=\"schwarzer portugiesischer wasserhund l\u00e4uft im sonnenuntergang durch den schnee\" class=\"wp-image-169\" title=\"portugiesischer Wasserhund\" srcset=\"https:\/\/neo-the-portie.at\/wp-content\/uploads\/2022\/07\/schnee1w.jpg 2048w, https:\/\/neo-the-portie.at\/wp-content\/uploads\/2022\/07\/schnee1w-300x240.jpg 300w, https:\/\/neo-the-portie.at\/wp-content\/uploads\/2022\/07\/schnee1w-1024x819.jpg 1024w, https:\/\/neo-the-portie.at\/wp-content\/uploads\/2022\/07\/schnee1w-768x614.jpg 768w, https:\/\/neo-the-portie.at\/wp-content\/uploads\/2022\/07\/schnee1w-1536x1229.jpg 1536w\" sizes=\"auto, (max-width: 2048px) 100vw, 2048px\" \/><\/a><\/figure>\n\n\n\n<figure class=\"wp-block-image size-full\"><a href=\"https:\/\/neo-the-portie.at\/wp-content\/uploads\/2022\/07\/tw2xw-1-von-1.jpg\"><img loading=\"lazy\" decoding=\"async\" width=\"2048\" height=\"1639\" data-id=\"178\" src=\"https:\/\/neo-the-portie.at\/wp-content\/uploads\/2022\/07\/tw2xw-1-von-1.jpg\" alt=\"schwarzer hund tr\u00e4gt gro\u00dfen eiszapfen im maul\" class=\"wp-image-178\" srcset=\"https:\/\/neo-the-portie.at\/wp-content\/uploads\/2022\/07\/tw2xw-1-von-1.jpg 2048w, https:\/\/neo-the-portie.at\/wp-content\/uploads\/2022\/07\/tw2xw-1-von-1-300x240.jpg 300w, https:\/\/neo-the-portie.at\/wp-content\/uploads\/2022\/07\/tw2xw-1-von-1-1024x820.jpg 1024w, https:\/\/neo-the-portie.at\/wp-content\/uploads\/2022\/07\/tw2xw-1-von-1-768x615.jpg 768w, https:\/\/neo-the-portie.at\/wp-content\/uploads\/2022\/07\/tw2xw-1-von-1-1536x1229.jpg 1536w\" sizes=\"auto, (max-width: 2048px) 100vw, 2048px\" \/><\/a><\/figure>\n\n\n\n<figure class=\"wp-block-image size-full\"><a href=\"https:\/\/neo-the-portie.at\/wp-content\/uploads\/2022\/07\/ac1x-1-2.jpg\"><img loading=\"lazy\" decoding=\"async\" width=\"1639\" height=\"2048\" data-id=\"198\" src=\"https:\/\/neo-the-portie.at\/wp-content\/uploads\/2022\/07\/ac1x-1-2.jpg\" alt=\"schwarzer hund l\u00e4uft durch den schnee\" class=\"wp-image-198\" srcset=\"https:\/\/neo-the-portie.at\/wp-content\/uploads\/2022\/07\/ac1x-1-2.jpg 1639w, https:\/\/neo-the-portie.at\/wp-content\/uploads\/2022\/07\/ac1x-1-2-240x300.jpg 240w, https:\/\/neo-the-portie.at\/wp-content\/uploads\/2022\/07\/ac1x-1-2-820x1024.jpg 820w, https:\/\/neo-the-portie.at\/wp-content\/uploads\/2022\/07\/ac1x-1-2-768x960.jpg 768w, https:\/\/neo-the-portie.at\/wp-content\/uploads\/2022\/07\/ac1x-1-2-1229x1536.jpg 1229w\" sizes=\"auto, (max-width: 1639px) 100vw, 1639px\" \/><\/a><\/figure>\n\n\n\n<figure class=\"wp-block-image size-full\"><a href=\"https:\/\/neo-the-portie.at\/wp-content\/uploads\/2022\/07\/neo-ein-portugiesischer-wasserhund-im-winter.jpg\"><img loading=\"lazy\" decoding=\"async\" width=\"1638\" height=\"2048\" data-id=\"138\" src=\"https:\/\/neo-the-portie.at\/wp-content\/uploads\/2022\/07\/neo-ein-portugiesischer-wasserhund-im-winter.jpg\" alt=\"schwarzer portugiesischer wasserhund steht im schnee in einer burgruine\" class=\"wp-image-138\" title=\"Don Neo Casa Carisma\" srcset=\"https:\/\/neo-the-portie.at\/wp-content\/uploads\/2022\/07\/neo-ein-portugiesischer-wasserhund-im-winter.jpg 1638w, https:\/\/neo-the-portie.at\/wp-content\/uploads\/2022\/07\/neo-ein-portugiesischer-wasserhund-im-winter-240x300.jpg 240w, https:\/\/neo-the-portie.at\/wp-content\/uploads\/2022\/07\/neo-ein-portugiesischer-wasserhund-im-winter-819x1024.jpg 819w, https:\/\/neo-the-portie.at\/wp-content\/uploads\/2022\/07\/neo-ein-portugiesischer-wasserhund-im-winter-768x960.jpg 768w, https:\/\/neo-the-portie.at\/wp-content\/uploads\/2022\/07\/neo-ein-portugiesischer-wasserhund-im-winter-1229x1536.jpg 1229w\" sizes=\"auto, (max-width: 1638px) 100vw, 1638px\" \/><\/a><\/figure>\n<\/figure>\n\n\n\n<p><\/p>\n\n\n\n<p><\/p>\n\n\n\n<figure class=\"wp-block-gallery has-nested-images columns-3 is-cropped wp-block-gallery-2 is-layout-flex wp-block-gallery-is-layout-flex\">\n<figure class=\"wp-block-image size-large is-style-default\"><a href=\"https:\/\/neo-the-portie.at\/wp-content\/uploads\/2022\/07\/portugiesischer-wasserhund.jpg\"><img loading=\"lazy\" decoding=\"async\" width=\"820\" height=\"1024\" data-id=\"185\" src=\"https:\/\/neo-the-portie.at\/wp-content\/uploads\/2022\/07\/portugiesischer-wasserhund-820x1024.jpg\" alt=\"\" class=\"wp-image-185\" srcset=\"https:\/\/neo-the-portie.at\/wp-content\/uploads\/2022\/07\/portugiesischer-wasserhund-820x1024.jpg 820w, https:\/\/neo-the-portie.at\/wp-content\/uploads\/2022\/07\/portugiesischer-wasserhund-240x300.jpg 240w, https:\/\/neo-the-portie.at\/wp-content\/uploads\/2022\/07\/portugiesischer-wasserhund-768x960.jpg 768w, https:\/\/neo-the-portie.at\/wp-content\/uploads\/2022\/07\/portugiesischer-wasserhund-1229x1536.jpg 1229w, https:\/\/neo-the-portie.at\/wp-content\/uploads\/2022\/07\/portugiesischer-wasserhund.jpg 1639w\" sizes=\"auto, (max-width: 820px) 100vw, 820px\" \/><\/a><\/figure>\n\n\n\n<figure class=\"wp-block-image size-large\"><a href=\"https:\/\/neo-the-portie.at\/wp-content\/uploads\/2022\/07\/KoopmansNeo12.jpg\"><img loading=\"lazy\" decoding=\"async\" width=\"819\" height=\"1024\" data-id=\"132\" src=\"https:\/\/neo-the-portie.at\/wp-content\/uploads\/2022\/07\/KoopmansNeo12-819x1024.jpg\" alt=\"\" class=\"wp-image-132\" srcset=\"https:\/\/neo-the-portie.at\/wp-content\/uploads\/2022\/07\/KoopmansNeo12-819x1024.jpg 819w, https:\/\/neo-the-portie.at\/wp-content\/uploads\/2022\/07\/KoopmansNeo12-240x300.jpg 240w, https:\/\/neo-the-portie.at\/wp-content\/uploads\/2022\/07\/KoopmansNeo12-768x960.jpg 768w, https:\/\/neo-the-portie.at\/wp-content\/uploads\/2022\/07\/KoopmansNeo12-1229x1536.jpg 1229w, https:\/\/neo-the-portie.at\/wp-content\/uploads\/2022\/07\/KoopmansNeo12.jpg 1638w\" sizes=\"auto, (max-width: 819px) 100vw, 819px\" \/><\/a><\/figure>\n\n\n\n<figure class=\"wp-block-image size-full\"><a href=\"https:\/\/neo-the-portie.at\/wp-content\/uploads\/2022\/07\/nebel1-1-von-1-01.jpg\"><img loading=\"lazy\" decoding=\"async\" width=\"1639\" height=\"2048\" data-id=\"151\" src=\"https:\/\/neo-the-portie.at\/wp-content\/uploads\/2022\/07\/nebel1-1-von-1-01.jpg\" alt=\"\" class=\"wp-image-151\" srcset=\"https:\/\/neo-the-portie.at\/wp-content\/uploads\/2022\/07\/nebel1-1-von-1-01.jpg 1639w, https:\/\/neo-the-portie.at\/wp-content\/uploads\/2022\/07\/nebel1-1-von-1-01-240x300.jpg 240w, https:\/\/neo-the-portie.at\/wp-content\/uploads\/2022\/07\/nebel1-1-von-1-01-820x1024.jpg 820w, https:\/\/neo-the-portie.at\/wp-content\/uploads\/2022\/07\/nebel1-1-von-1-01-768x960.jpg 768w, https:\/\/neo-the-portie.at\/wp-content\/uploads\/2022\/07\/nebel1-1-von-1-01-1229x1536.jpg 1229w\" sizes=\"auto, (max-width: 1639px) 100vw, 1639px\" \/><\/a><\/figure>\n\n\n\n<figure class=\"wp-block-image size-full\"><a href=\"https:\/\/neo-the-portie.at\/wp-content\/uploads\/2022\/08\/herbstfarben.jpg\"><img loading=\"lazy\" decoding=\"async\" width=\"2048\" height=\"1656\" data-id=\"475\" src=\"https:\/\/neo-the-portie.at\/wp-content\/uploads\/2022\/08\/herbstfarben.jpg\" alt=\"\" class=\"wp-image-475\" srcset=\"https:\/\/neo-the-portie.at\/wp-content\/uploads\/2022\/08\/herbstfarben.jpg 2048w, https:\/\/neo-the-portie.at\/wp-content\/uploads\/2022\/08\/herbstfarben-300x243.jpg 300w, https:\/\/neo-the-portie.at\/wp-content\/uploads\/2022\/08\/herbstfarben-1024x828.jpg 1024w, https:\/\/neo-the-portie.at\/wp-content\/uploads\/2022\/08\/herbstfarben-768x621.jpg 768w, https:\/\/neo-the-portie.at\/wp-content\/uploads\/2022\/08\/herbstfarben-1536x1242.jpg 1536w\" sizes=\"auto, (max-width: 2048px) 100vw, 2048px\" \/><\/a><\/figure>\n\n\n\n<figure class=\"wp-block-image size-large\"><a href=\"https:\/\/neo-the-portie.at\/wp-content\/uploads\/2022\/07\/Neo09-scaled.jpg\"><img loading=\"lazy\" decoding=\"async\" width=\"1024\" height=\"683\" data-id=\"160\" src=\"https:\/\/neo-the-portie.at\/wp-content\/uploads\/2022\/07\/Neo09-1024x683.jpg\" alt=\"\" class=\"wp-image-160\" srcset=\"https:\/\/neo-the-portie.at\/wp-content\/uploads\/2022\/07\/Neo09-1024x683.jpg 1024w, https:\/\/neo-the-portie.at\/wp-content\/uploads\/2022\/07\/Neo09-300x200.jpg 300w, https:\/\/neo-the-portie.at\/wp-content\/uploads\/2022\/07\/Neo09-768x512.jpg 768w, https:\/\/neo-the-portie.at\/wp-content\/uploads\/2022\/07\/Neo09-1536x1024.jpg 1536w, https:\/\/neo-the-portie.at\/wp-content\/uploads\/2022\/07\/Neo09-2048x1365.jpg 2048w\" sizes=\"auto, (max-width: 1024px) 100vw, 1024px\" \/><\/a><\/figure>\n\n\n\n<figure class=\"wp-block-image size-large\"><a href=\"https:\/\/neo-the-portie.at\/wp-content\/uploads\/2022\/07\/KoopmansNeo10.jpg\"><img loading=\"lazy\" decoding=\"async\" width=\"1024\" height=\"819\" data-id=\"131\" src=\"https:\/\/neo-the-portie.at\/wp-content\/uploads\/2022\/07\/KoopmansNeo10-1024x819.jpg\" alt=\"\" class=\"wp-image-131\" srcset=\"https:\/\/neo-the-portie.at\/wp-content\/uploads\/2022\/07\/KoopmansNeo10-1024x819.jpg 1024w, https:\/\/neo-the-portie.at\/wp-content\/uploads\/2022\/07\/KoopmansNeo10-300x240.jpg 300w, https:\/\/neo-the-portie.at\/wp-content\/uploads\/2022\/07\/KoopmansNeo10-768x614.jpg 768w, https:\/\/neo-the-portie.at\/wp-content\/uploads\/2022\/07\/KoopmansNeo10-1536x1229.jpg 1536w, https:\/\/neo-the-portie.at\/wp-content\/uploads\/2022\/07\/KoopmansNeo10.jpg 2048w\" sizes=\"auto, (max-width: 1024px) 100vw, 1024px\" \/><\/a><\/figure>\n<\/figure>\n\n\n\n<p><\/p>\n\n\n\n<p><\/p>\n\n\n\n<figure class=\"wp-block-gallery has-nested-images columns-default is-cropped wp-block-gallery-3 is-layout-flex wp-block-gallery-is-layout-flex\">\n<figure class=\"wp-block-image size-large\"><a href=\"https:\/\/neo-the-portie.at\/wp-content\/uploads\/2022\/07\/portuguese-waterdog-red-flowers.jpg\"><img loading=\"lazy\" decoding=\"async\" width=\"1024\" height=\"819\" data-id=\"205\" src=\"https:\/\/neo-the-portie.at\/wp-content\/uploads\/2022\/07\/portuguese-waterdog-red-flowers-1024x819.jpg\" alt=\"\" class=\"wp-image-205\" srcset=\"https:\/\/neo-the-portie.at\/wp-content\/uploads\/2022\/07\/portuguese-waterdog-red-flowers-1024x819.jpg 1024w, https:\/\/neo-the-portie.at\/wp-content\/uploads\/2022\/07\/portuguese-waterdog-red-flowers-300x240.jpg 300w, https:\/\/neo-the-portie.at\/wp-content\/uploads\/2022\/07\/portuguese-waterdog-red-flowers-768x614.jpg 768w, https:\/\/neo-the-portie.at\/wp-content\/uploads\/2022\/07\/portuguese-waterdog-red-flowers-1536x1229.jpg 1536w, https:\/\/neo-the-portie.at\/wp-content\/uploads\/2022\/07\/portuguese-waterdog-red-flowers.jpg 2048w\" sizes=\"auto, (max-width: 1024px) 100vw, 1024px\" \/><\/a><\/figure>\n\n\n\n<figure class=\"wp-block-image size-large\"><a href=\"https:\/\/neo-the-portie.at\/wp-content\/uploads\/2022\/07\/fabel1x-1-von-1-1.jpg\"><img loading=\"lazy\" decoding=\"async\" width=\"1024\" height=\"819\" data-id=\"191\" src=\"https:\/\/neo-the-portie.at\/wp-content\/uploads\/2022\/07\/fabel1x-1-von-1-1-1024x819.jpg\" alt=\"\" class=\"wp-image-191\" srcset=\"https:\/\/neo-the-portie.at\/wp-content\/uploads\/2022\/07\/fabel1x-1-von-1-1-1024x819.jpg 1024w, https:\/\/neo-the-portie.at\/wp-content\/uploads\/2022\/07\/fabel1x-1-von-1-1-300x240.jpg 300w, https:\/\/neo-the-portie.at\/wp-content\/uploads\/2022\/07\/fabel1x-1-von-1-1-768x614.jpg 768w, https:\/\/neo-the-portie.at\/wp-content\/uploads\/2022\/07\/fabel1x-1-von-1-1-1536x1229.jpg 1536w, https:\/\/neo-the-portie.at\/wp-content\/uploads\/2022\/07\/fabel1x-1-von-1-1.jpg 2048w\" sizes=\"auto, (max-width: 1024px) 100vw, 1024px\" \/><\/a><\/figure>\n\n\n\n<figure class=\"wp-block-image size-large\"><a href=\"https:\/\/neo-the-portie.at\/wp-content\/uploads\/2022\/07\/midom1x-1-von-1.jpg\"><img loading=\"lazy\" decoding=\"async\" width=\"1024\" height=\"820\" data-id=\"145\" src=\"https:\/\/neo-the-portie.at\/wp-content\/uploads\/2022\/07\/midom1x-1-von-1-1024x820.jpg\" alt=\"\" class=\"wp-image-145\" srcset=\"https:\/\/neo-the-portie.at\/wp-content\/uploads\/2022\/07\/midom1x-1-von-1-1024x820.jpg 1024w, https:\/\/neo-the-portie.at\/wp-content\/uploads\/2022\/07\/midom1x-1-von-1-300x240.jpg 300w, https:\/\/neo-the-portie.at\/wp-content\/uploads\/2022\/07\/midom1x-1-von-1-768x615.jpg 768w, https:\/\/neo-the-portie.at\/wp-content\/uploads\/2022\/07\/midom1x-1-von-1-1536x1229.jpg 1536w, https:\/\/neo-the-portie.at\/wp-content\/uploads\/2022\/07\/midom1x-1-von-1.jpg 2048w\" sizes=\"auto, (max-width: 1024px) 100vw, 1024px\" \/><\/a><\/figure>\n\n\n\n<figure class=\"wp-block-image size-large\"><a href=\"https:\/\/neo-the-portie.at\/wp-content\/uploads\/2022\/07\/wa2x-1-von-1.jpg\"><img loading=\"lazy\" decoding=\"async\" width=\"1024\" height=\"819\" data-id=\"181\" src=\"https:\/\/neo-the-portie.at\/wp-content\/uploads\/2022\/07\/wa2x-1-von-1-1024x819.jpg\" alt=\"\" class=\"wp-image-181\" srcset=\"https:\/\/neo-the-portie.at\/wp-content\/uploads\/2022\/07\/wa2x-1-von-1-1024x819.jpg 1024w, https:\/\/neo-the-portie.at\/wp-content\/uploads\/2022\/07\/wa2x-1-von-1-300x240.jpg 300w, https:\/\/neo-the-portie.at\/wp-content\/uploads\/2022\/07\/wa2x-1-von-1-768x614.jpg 768w, https:\/\/neo-the-portie.at\/wp-content\/uploads\/2022\/07\/wa2x-1-von-1-1536x1229.jpg 1536w, https:\/\/neo-the-portie.at\/wp-content\/uploads\/2022\/07\/wa2x-1-von-1.jpg 2048w\" sizes=\"auto, (max-width: 1024px) 100vw, 1024px\" \/><\/a><\/figure>\n\n\n\n<figure class=\"wp-block-image size-large\"><a href=\"https:\/\/neo-the-portie.at\/wp-content\/uploads\/2022\/08\/neo-gruen12jpg.jpg\"><img loading=\"lazy\" decoding=\"async\" width=\"1024\" height=\"819\" data-id=\"470\" src=\"https:\/\/neo-the-portie.at\/wp-content\/uploads\/2022\/08\/neo-gruen12jpg-1024x819.jpg\" alt=\"\" class=\"wp-image-470\" srcset=\"https:\/\/neo-the-portie.at\/wp-content\/uploads\/2022\/08\/neo-gruen12jpg-1024x819.jpg 1024w, https:\/\/neo-the-portie.at\/wp-content\/uploads\/2022\/08\/neo-gruen12jpg-300x240.jpg 300w, https:\/\/neo-the-portie.at\/wp-content\/uploads\/2022\/08\/neo-gruen12jpg-768x614.jpg 768w, https:\/\/neo-the-portie.at\/wp-content\/uploads\/2022\/08\/neo-gruen12jpg-1536x1229.jpg 1536w, https:\/\/neo-the-portie.at\/wp-content\/uploads\/2022\/08\/neo-gruen12jpg.jpg 2048w\" sizes=\"auto, (max-width: 1024px) 100vw, 1024px\" \/><\/a><\/figure>\n\n\n\n<figure class=\"wp-block-image size-large\"><a href=\"https:\/\/neo-the-portie.at\/wp-content\/uploads\/2022\/07\/lc1-scaled.jpg\"><img loading=\"lazy\" decoding=\"async\" width=\"1024\" height=\"819\" data-id=\"139\" src=\"https:\/\/neo-the-portie.at\/wp-content\/uploads\/2022\/07\/lc1-1024x819.jpg\" alt=\"\" class=\"wp-image-139\" srcset=\"https:\/\/neo-the-portie.at\/wp-content\/uploads\/2022\/07\/lc1-1024x819.jpg 1024w, https:\/\/neo-the-portie.at\/wp-content\/uploads\/2022\/07\/lc1-300x240.jpg 300w, https:\/\/neo-the-portie.at\/wp-content\/uploads\/2022\/07\/lc1-768x614.jpg 768w, https:\/\/neo-the-portie.at\/wp-content\/uploads\/2022\/07\/lc1-1536x1229.jpg 1536w, https:\/\/neo-the-portie.at\/wp-content\/uploads\/2022\/07\/lc1-2048x1639.jpg 2048w\" sizes=\"auto, (max-width: 1024px) 100vw, 1024px\" \/><\/a><\/figure>\n<\/figure>\n\n\n\n<p><\/p>\n\n\n\n<p>Wie das Leben so spielt, haben sich Michaels F\u00e4higkeiten als Hundefotograf bereits herumgesprochen und so durfte er auch schon viele andere Hunde portraitieren.<\/p>\n\n\n\n<figure class=\"wp-block-gallery has-nested-images columns-default is-cropped wp-block-gallery-4 is-layout-flex wp-block-gallery-is-layout-flex\">\n<figure class=\"wp-block-image size-large\"><a href=\"https:\/\/neo-the-portie.at\/wp-content\/uploads\/2022\/07\/an1-1-von-1-2.jpg\"><img loading=\"lazy\" decoding=\"async\" width=\"2048\" height=\"1638\" data-id=\"199\" src=\"https:\/\/neo-the-portie.at\/wp-content\/uploads\/2022\/07\/an1-1-von-1-2.jpg\" alt=\"eine Leonberger H\u00fcndin springt im Wasser\" class=\"wp-image-199\" title=\"Amie-Leonberger\" srcset=\"https:\/\/neo-the-portie.at\/wp-content\/uploads\/2022\/07\/an1-1-von-1-2.jpg 2048w, https:\/\/neo-the-portie.at\/wp-content\/uploads\/2022\/07\/an1-1-von-1-2-300x240.jpg 300w, https:\/\/neo-the-portie.at\/wp-content\/uploads\/2022\/07\/an1-1-von-1-2-1024x819.jpg 1024w, https:\/\/neo-the-portie.at\/wp-content\/uploads\/2022\/07\/an1-1-von-1-2-768x614.jpg 768w, https:\/\/neo-the-portie.at\/wp-content\/uploads\/2022\/07\/an1-1-von-1-2-1536x1229.jpg 1536w\" sizes=\"auto, (max-width: 2048px) 100vw, 2048px\" \/><\/a><\/figure>\n\n\n\n<figure class=\"wp-block-image size-large\"><a href=\"https:\/\/neo-the-portie.at\/wp-content\/uploads\/2022\/07\/sh24w-1.jpg\"><img loading=\"lazy\" decoding=\"async\" width=\"2048\" height=\"1365\" data-id=\"172\" src=\"https:\/\/neo-the-portie.at\/wp-content\/uploads\/2022\/07\/sh24w-1.jpg\" alt=\"\" class=\"wp-image-172\" srcset=\"https:\/\/neo-the-portie.at\/wp-content\/uploads\/2022\/07\/sh24w-1.jpg 2048w, https:\/\/neo-the-portie.at\/wp-content\/uploads\/2022\/07\/sh24w-1-300x200.jpg 300w, https:\/\/neo-the-portie.at\/wp-content\/uploads\/2022\/07\/sh24w-1-1024x683.jpg 1024w, https:\/\/neo-the-portie.at\/wp-content\/uploads\/2022\/07\/sh24w-1-768x512.jpg 768w, https:\/\/neo-the-portie.at\/wp-content\/uploads\/2022\/07\/sh24w-1-1536x1024.jpg 1536w\" sizes=\"auto, (max-width: 2048px) 100vw, 2048px\" \/><\/a><\/figure>\n\n\n\n<figure class=\"wp-block-image size-large\"><a href=\"https:\/\/neo-the-portie.at\/wp-content\/uploads\/2022\/07\/lilly05h-1-von-1.jpg\"><img loading=\"lazy\" decoding=\"async\" width=\"2048\" height=\"1639\" data-id=\"140\" src=\"https:\/\/neo-the-portie.at\/wp-content\/uploads\/2022\/07\/lilly05h-1-von-1.jpg\" alt=\"\" class=\"wp-image-140\" srcset=\"https:\/\/neo-the-portie.at\/wp-content\/uploads\/2022\/07\/lilly05h-1-von-1.jpg 2048w, https:\/\/neo-the-portie.at\/wp-content\/uploads\/2022\/07\/lilly05h-1-von-1-300x240.jpg 300w, https:\/\/neo-the-portie.at\/wp-content\/uploads\/2022\/07\/lilly05h-1-von-1-1024x820.jpg 1024w, https:\/\/neo-the-portie.at\/wp-content\/uploads\/2022\/07\/lilly05h-1-von-1-768x615.jpg 768w, https:\/\/neo-the-portie.at\/wp-content\/uploads\/2022\/07\/lilly05h-1-von-1-1536x1229.jpg 1536w\" sizes=\"auto, (max-width: 2048px) 100vw, 2048px\" \/><\/a><\/figure>\n\n\n\n<figure class=\"wp-block-image size-large\"><a href=\"https:\/\/neo-the-portie.at\/wp-content\/uploads\/2022\/07\/kovi14i-1-von-1.jpg\"><img loading=\"lazy\" decoding=\"async\" width=\"1024\" height=\"819\" data-id=\"135\" src=\"https:\/\/neo-the-portie.at\/wp-content\/uploads\/2022\/07\/kovi14i-1-von-1-1024x819.jpg\" alt=\"zwei langhaarige hunde rennen nebeneinander \u00fcber die wiese\" class=\"wp-image-135\" srcset=\"https:\/\/neo-the-portie.at\/wp-content\/uploads\/2022\/07\/kovi14i-1-von-1-1024x819.jpg 1024w, https:\/\/neo-the-portie.at\/wp-content\/uploads\/2022\/07\/kovi14i-1-von-1-300x240.jpg 300w, https:\/\/neo-the-portie.at\/wp-content\/uploads\/2022\/07\/kovi14i-1-von-1-768x614.jpg 768w, https:\/\/neo-the-portie.at\/wp-content\/uploads\/2022\/07\/kovi14i-1-von-1-1536x1229.jpg 1536w, https:\/\/neo-the-portie.at\/wp-content\/uploads\/2022\/07\/kovi14i-1-von-1.jpg 2048w\" sizes=\"auto, (max-width: 1024px) 100vw, 1024px\" \/><\/a><\/figure>\n\n\n\n<figure class=\"wp-block-image size-large\"><a href=\"https:\/\/neo-the-portie.at\/wp-content\/uploads\/2022\/08\/jump.jpg\"><img loading=\"lazy\" decoding=\"async\" width=\"1024\" height=\"819\" data-id=\"399\" src=\"https:\/\/neo-the-portie.at\/wp-content\/uploads\/2022\/08\/jump-1024x819.jpg\" alt=\"ein wei\u00dfer kleiner hund springt in die luft, ein zweiter kleiner brauner hund schaut zu\" class=\"wp-image-399\" srcset=\"https:\/\/neo-the-portie.at\/wp-content\/uploads\/2022\/08\/jump-1024x819.jpg 1024w, https:\/\/neo-the-portie.at\/wp-content\/uploads\/2022\/08\/jump-300x240.jpg 300w, https:\/\/neo-the-portie.at\/wp-content\/uploads\/2022\/08\/jump-768x614.jpg 768w, https:\/\/neo-the-portie.at\/wp-content\/uploads\/2022\/08\/jump-1536x1229.jpg 1536w, https:\/\/neo-the-portie.at\/wp-content\/uploads\/2022\/08\/jump.jpg 2048w\" sizes=\"auto, (max-width: 1024px) 100vw, 1024px\" \/><\/a><\/figure>\n\n\n\n<figure class=\"wp-block-image size-large\"><a href=\"https:\/\/neo-the-portie.at\/wp-content\/uploads\/2022\/08\/ronja.jpg\"><img loading=\"lazy\" decoding=\"async\" width=\"1024\" height=\"819\" data-id=\"400\" src=\"https:\/\/neo-the-portie.at\/wp-content\/uploads\/2022\/08\/ronja-1024x819.jpg\" alt=\"kleiner wei\u00dfer hund vor blauem hintergrund\" class=\"wp-image-400\" srcset=\"https:\/\/neo-the-portie.at\/wp-content\/uploads\/2022\/08\/ronja-1024x819.jpg 1024w, https:\/\/neo-the-portie.at\/wp-content\/uploads\/2022\/08\/ronja-300x240.jpg 300w, https:\/\/neo-the-portie.at\/wp-content\/uploads\/2022\/08\/ronja-768x614.jpg 768w, https:\/\/neo-the-portie.at\/wp-content\/uploads\/2022\/08\/ronja-1536x1229.jpg 1536w, https:\/\/neo-the-portie.at\/wp-content\/uploads\/2022\/08\/ronja.jpg 2048w\" sizes=\"auto, (max-width: 1024px) 100vw, 1024px\" \/><\/a><\/figure>\n<\/figure>\n\n\n\n<p><\/p>\n\n\n\n<p>Besonders stolz sind wir, dass eines von Michael\u00b4s Bildern mit dem Titel &#8222;wet waterdog incoming&#8220; beim CEWE Photo Award 2023 in der Kategorie &#8222;Tiere&#8220; den 31. Platz belegt hat und sogar in einer Ausstellung anl\u00e4\u00dflich der Photo+Adventure Messe in V\u00f6sendorf ausgestellt war.<\/p>\n\n\n\n<figure class=\"wp-block-image size-large\"><a href=\"https:\/\/neo-the-portie.at\/wp-content\/uploads\/2023\/11\/wetwaterdogincoming-scaled.jpg\"><img loading=\"lazy\" decoding=\"async\" width=\"1024\" height=\"683\" src=\"https:\/\/neo-the-portie.at\/wp-content\/uploads\/2023\/11\/wetwaterdogincoming-1024x683.jpg\" alt=\"\" class=\"wp-image-681\" srcset=\"https:\/\/neo-the-portie.at\/wp-content\/uploads\/2023\/11\/wetwaterdogincoming-1024x683.jpg 1024w, https:\/\/neo-the-portie.at\/wp-content\/uploads\/2023\/11\/wetwaterdogincoming-300x200.jpg 300w, https:\/\/neo-the-portie.at\/wp-content\/uploads\/2023\/11\/wetwaterdogincoming-768x512.jpg 768w, https:\/\/neo-the-portie.at\/wp-content\/uploads\/2023\/11\/wetwaterdogincoming-1536x1024.jpg 1536w, https:\/\/neo-the-portie.at\/wp-content\/uploads\/2023\/11\/wetwaterdogincoming-2048x1365.jpg 2048w\" sizes=\"auto, (max-width: 1024px) 100vw, 1024px\" \/><\/a><\/figure>\n","protected":false},"excerpt":{"rendered":"<p>Es ist der Tatsache geschuldet, dass man einen schwarzen Hund mit dem Handy nicht wirklich fotografieren kann, dass Michael begonnen hat, sich mit seiner Spiegelreflexkamera und damit in weiterer Folge mit der Hundefotografie zu befassen. Und wie es seiner Natur entspricht, hat er sich intensiv mit der Materie auseinandergesetzt, tausende von Bildern gemacht, sich Kenntnisse [&hellip;]<\/p>\n","protected":false},"author":1,"featured_media":0,"parent":0,"menu_order":0,"comment_status":"closed","ping_status":"closed","template":"","meta":{"footnotes":""},"class_list":["post-47","page","type-page","status-publish","hentry"],"_links":{"self":[{"href":"https:\/\/neo-the-portie.at\/index.php?rest_route=\/wp\/v2\/pages\/47","targetHints":{"allow":["GET"]}}],"collection":[{"href":"https:\/\/neo-the-portie.at\/index.php?rest_route=\/wp\/v2\/pages"}],"about":[{"href":"https:\/\/neo-the-portie.at\/index.php?rest_route=\/wp\/v2\/types\/page"}],"author":[{"embeddable":true,"href":"https:\/\/neo-the-portie.at\/index.php?rest_route=\/wp\/v2\/users\/1"}],"replies":[{"embeddable":true,"href":"https:\/\/neo-the-portie.at\/index.php?rest_route=%2Fwp%2Fv2%2Fcomments&post=47"}],"version-history":[{"count":53,"href":"https:\/\/neo-the-portie.at\/index.php?rest_route=\/wp\/v2\/pages\/47\/revisions"}],"predecessor-version":[{"id":716,"href":"https:\/\/neo-the-portie.at\/index.php?rest_route=\/wp\/v2\/pages\/47\/revisions\/716"}],"wp:attachment":[{"href":"https:\/\/neo-the-portie.at\/index.php?rest_route=%2Fwp%2Fv2%2Fmedia&parent=47"}],"curies":[{"name":"wp","href":"https:\/\/api.w.org\/{rel}","templated":true}]}}