{"id":44,"date":"2022-07-27T10:34:17","date_gmt":"2022-07-27T10:34:17","guid":{"rendered":"https:\/\/neo-the-portie.at\/?page_id=44"},"modified":"2023-10-31T10:55:38","modified_gmt":"2023-10-31T10:55:38","slug":"wir-ueber-uns","status":"publish","type":"page","link":"https:\/\/neo-the-portie.at\/?page_id=44","title":{"rendered":"Wir \u00fcber uns"},"content":{"rendered":"\n<p><strong>Daniela Paul<\/strong><\/p>\n\n\n\n<div class=\"wp-block-media-text alignwide is-stacked-on-mobile\"><figure class=\"wp-block-media-text__media\"><a href=\"https:\/\/neo-the-portie.at\/wp-content\/uploads\/2022\/08\/neo-auf-der-veitsch.jpg\"><img loading=\"lazy\" decoding=\"async\" width=\"1024\" height=\"819\" src=\"https:\/\/neo-the-portie.at\/wp-content\/uploads\/2022\/08\/neo-auf-der-veitsch-1024x819.jpg\" alt=\"\" class=\"wp-image-533 size-full\" srcset=\"https:\/\/neo-the-portie.at\/wp-content\/uploads\/2022\/08\/neo-auf-der-veitsch-1024x819.jpg 1024w, https:\/\/neo-the-portie.at\/wp-content\/uploads\/2022\/08\/neo-auf-der-veitsch-300x240.jpg 300w, https:\/\/neo-the-portie.at\/wp-content\/uploads\/2022\/08\/neo-auf-der-veitsch-768x614.jpg 768w, https:\/\/neo-the-portie.at\/wp-content\/uploads\/2022\/08\/neo-auf-der-veitsch-1536x1229.jpg 1536w, https:\/\/neo-the-portie.at\/wp-content\/uploads\/2022\/08\/neo-auf-der-veitsch.jpg 2048w\" sizes=\"auto, (max-width: 1024px) 100vw, 1024px\" \/><\/a><\/figure><div class=\"wp-block-media-text__content\">\n<p>Die Sehnsucht nach einem Leben mit Hund ist von mir ausgegangen und ich konnte meinen Mann Michael davon \u00fcberzeugen, dass ein Hund Teil der 5-k\u00f6pfigen Familie wird. Auf die tiefe und intensive Beziehung, die man mit einem Hund eingeht, war ich nicht vorbereitet. Jeden Tag aufs Neue freue ich mich \u00fcber diese unbeschreibliche Herzensbindung. F\u00fcr mich bedeutet das Leben mit Neo und die Auseinandersetzung mit seiner Pers\u00f6nlichkeit, seinen Bed\u00fcrfnissen und seiner Rolle innerhalb der Familie ein unerwartet spannendes Feld an Lern- und Entwicklungsm\u00f6glichkeiten. Die Herausforderungen, die das Leben mit einem Hund mit sich bringt, sind f\u00fcr mich Potenzial zur Weiterentwicklung und zum pers\u00f6nlichen Wachstum, das ich &#8211; genauso wie Neo &#8211; nicht mehr missen m\u00f6chte. <\/p>\n<\/div><\/div>\n\n\n\n<p><\/p>\n\n\n\n<p class=\"has-text-align-right\"><strong>Michael Koopmans<\/strong><\/p>\n\n\n\n<p><\/p>\n\n\n\n<div class=\"wp-block-media-text alignwide has-media-on-the-right is-stacked-on-mobile\"><div class=\"wp-block-media-text__content\">\n<p>Ich habe mich schon vor Neo\u00b4s Einzug intensiv mit Ern\u00e4hrung, Aufzucht und der Arbeit mit Hunden auseinander gesetzt. Als Neo dann endlich zu uns nach Hause kam, hat er mein Herz im Sturm erobert. Ein achtsamer und respektvoller Umgang mit Neo ist mir &#8211; genau wie Daniela &#8211; \u00e4u\u00dferst wichtig und ich lege gro\u00dfen Wert darauf, den Alltag und auch das Training so zu gestalten, dass es komplett gewalt- und druckfrei ist und auf einer Basis der freundschaftlichen Kooperation basiert. Neo ist mein bevorzugtes Motiv in der Fotografie und so bin ich weder ohne Hund noch ohne Kamera anzutreffen. Meine Hundeportraits sind auf meinem Instagram-Profil zu sehen und ich konnte schon eine stattliche Followerschaft aufbauen, die Neos Abenteuer verfolgt. <\/p>\n<\/div><figure class=\"wp-block-media-text__media\"><a href=\"https:\/\/neo-the-portie.at\/wp-content\/uploads\/2022\/08\/IMG_20220625_170007_edit_16600295478716.jpg\"><img loading=\"lazy\" decoding=\"async\" width=\"852\" height=\"1024\" src=\"https:\/\/neo-the-portie.at\/wp-content\/uploads\/2022\/08\/IMG_20220625_170007_edit_16600295478716-852x1024.jpg\" alt=\"\" class=\"wp-image-532 size-full\" srcset=\"https:\/\/neo-the-portie.at\/wp-content\/uploads\/2022\/08\/IMG_20220625_170007_edit_16600295478716-852x1024.jpg 852w, https:\/\/neo-the-portie.at\/wp-content\/uploads\/2022\/08\/IMG_20220625_170007_edit_16600295478716-250x300.jpg 250w, https:\/\/neo-the-portie.at\/wp-content\/uploads\/2022\/08\/IMG_20220625_170007_edit_16600295478716-768x923.jpg 768w, https:\/\/neo-the-portie.at\/wp-content\/uploads\/2022\/08\/IMG_20220625_170007_edit_16600295478716.jpg 973w\" sizes=\"auto, (max-width: 852px) 100vw, 852px\" \/><\/a><\/figure><\/div>\n\n\n\n<p><\/p>\n\n\n\n<p><\/p>\n","protected":false},"excerpt":{"rendered":"<p>Daniela Paul Die Sehnsucht nach einem Leben mit Hund ist von mir ausgegangen und ich konnte meinen Mann Michael davon \u00fcberzeugen, dass ein Hund Teil der 5-k\u00f6pfigen Familie wird. Auf die tiefe und intensive Beziehung, die man mit einem Hund eingeht, war ich nicht vorbereitet. Jeden Tag aufs Neue freue ich mich \u00fcber diese unbeschreibliche [&hellip;]<\/p>\n","protected":false},"author":1,"featured_media":226,"parent":0,"menu_order":0,"comment_status":"closed","ping_status":"closed","template":"","meta":{"footnotes":""},"class_list":["post-44","page","type-page","status-publish","has-post-thumbnail","hentry"],"_links":{"self":[{"href":"https:\/\/neo-the-portie.at\/index.php?rest_route=\/wp\/v2\/pages\/44","targetHints":{"allow":["GET"]}}],"collection":[{"href":"https:\/\/neo-the-portie.at\/index.php?rest_route=\/wp\/v2\/pages"}],"about":[{"href":"https:\/\/neo-the-portie.at\/index.php?rest_route=\/wp\/v2\/types\/page"}],"author":[{"embeddable":true,"href":"https:\/\/neo-the-portie.at\/index.php?rest_route=\/wp\/v2\/users\/1"}],"replies":[{"embeddable":true,"href":"https:\/\/neo-the-portie.at\/index.php?rest_route=%2Fwp%2Fv2%2Fcomments&post=44"}],"version-history":[{"count":25,"href":"https:\/\/neo-the-portie.at\/index.php?rest_route=\/wp\/v2\/pages\/44\/revisions"}],"predecessor-version":[{"id":650,"href":"https:\/\/neo-the-portie.at\/index.php?rest_route=\/wp\/v2\/pages\/44\/revisions\/650"}],"wp:featuredmedia":[{"embeddable":true,"href":"https:\/\/neo-the-portie.at\/index.php?rest_route=\/wp\/v2\/media\/226"}],"wp:attachment":[{"href":"https:\/\/neo-the-portie.at\/index.php?rest_route=%2Fwp%2Fv2%2Fmedia&parent=44"}],"curies":[{"name":"wp","href":"https:\/\/api.w.org\/{rel}","templated":true}]}}